{"id":10,"date":"2023-12-14T17:01:00","date_gmt":"2023-12-14T17:01:00","guid":{"rendered":"https:\/\/paletsyembalajesbarcelona.com\/?page_id=10"},"modified":"2024-04-18T10:20:11","modified_gmt":"2024-04-18T08:20:11","slug":"politica-de-privacidad","status":"publish","type":"page","link":"https:\/\/paletsyembalajesbarcelona.com\/ca\/politica-de-privacidad\/","title":{"rendered":"Pol\u00edtica de privacitat"},"content":{"rendered":"<h2 class=\"wp-block-heading\">1.- INFORMACI\u00d3N AL USUARIO<\/h2>\n\n\n\n<p>El sitio web informa a los usuarios del sitio web sobre su pol\u00edtica respecto al tratamiento y protecci\u00f3n de los datos de car\u00e1cter personal de los usuarios y clientes que puedan ser solicitados por la navegaci\u00f3n a trav\u00e9s de su sitio web.<\/p>\n\n\n\n<p>El sitio web es el Responsable del tratamiento de los datos personales del usuario, por lo que se le facilita la siguiente informaci\u00f3n referente al tratamiento de sus datos:<\/p>\n\n\n\n<p><strong>Criterios de conservaci\u00f3n de los datos<\/strong>&nbsp;: Los datos personales proporcionados se conservar\u00e1n hasta que no se solicite la suspensi\u00f3n por parte del interesado, ejerciendo sus derechos sobre los datos, y en cualquier caso en cumplimiento de plazos legales de prescripci\u00f3n que le sean aplicables.<\/p>\n\n\n\n<p><strong>Derechos de los interesados<\/strong>&nbsp;:<\/p>\n\n\n\n<ul class=\"wp-block-list\">\n<li>Derecho a retirar su consentimiento en cualquier momento.<\/li>\n\n\n\n<li>Derecho de acceso, rectificaci\u00f3n, supresi\u00f3n, portabilidad de sus datos ya la limitaci\u00f3n u oposici\u00f3n de su tratamiento, as\u00ed como no ser objeto de decisiones individuales automatizadas.<\/li>\n<\/ul>\n\n\n\n<p><strong>Datos de contacto para ejercer sus derechos<\/strong>&nbsp;:<\/p>\n\n\n\n<p>Se debe identificar debidamente y solicitar claramente el derecho de ejercer.<\/p>\n\n\n\n<ul class=\"wp-block-list\">\n<li>Web: PALETS Y EMBALAJES BARCELONA VALLES SL<\/li>\n\n\n\n<li>Nombre: Jordi Ortu\u00f1o<\/li>\n\n\n\n<li>CIF: B72827975<\/li>\n\n\n\n<li>Direcci\u00f3n: Camino Can Brustenga, 4. 08187 Santa Eulalia de Ron\u00e7ana, Barcelona<\/li>\n\n\n\n<li>Tel\u00e9fono: 639 33 78 72<\/li>\n\n\n\n<li>Mail: paletsbarcelonavalles@gmail.com<\/li>\n<\/ul>\n\n\n\n<h2 class=\"wp-block-heading\">2.- INFORMACI\u00d3N FACILITADA POR EL USUARIO<\/h2>\n\n\n\n<p>Si es menor de 18 a\u00f1os no est\u00e1 permitido el uso de formularios en nuestra web.<\/p>\n\n\n\n<p>Los Usuarios, introduciendo sus datos en los formularios de contacto o presentados en formularios de descarga, aceptan expresamente y de forma libre e inequ\u00edvoca, que sus datos son necesarios para atender su petici\u00f3n, por parte del Responsable, siendo voluntaria la inclusi\u00f3n de datos en los campos restantes.<\/p>\n\n\n\n<p>El Usuario garantiza que los datos personales facilitados son veraces y se hace responsable de comunicar cualquier modificaci\u00f3n.<\/p>\n\n\n\n<p>Todos los datos solicitados a trav\u00e9s del sitio web son necesarios para prestar un servicio \u00f3ptimo al Usuario.&nbsp;En caso de que no sean facilitados todos los datos, no se garantiza que la informaci\u00f3n y servicios que El Responsable le facilite, sean completamente ajustados a sus necesidades.<\/p>\n\n\n\n<h2 class=\"wp-block-heading\">3.- MEDIDAS DE SEGURIDAD<\/h2>\n\n\n\n<p>Que de conformidad con lo que disponen las normativas vigentes en materia de protecci\u00f3n de datos personales, El Responsable est\u00e1 cumpliendo con todas las disposiciones de las normativas RGPD y LOPD para el tratamiento de los datos personales de su responsabilidad, las cuales son tratadas de forma l\u00edcita, leal y transparente en relaci\u00f3n con el interesado y adecuados, pertinentes y limitados a lo necesario en relaci\u00f3n con los fines para los que son tratados.<\/p>\n\n\n\n<p>El Responsable garantiza que ha implementado pol\u00edticas t\u00e9cnicas y organizativas apropiadas para aplicar las medidas de seguridad que establecen el RGPD y la LOPD para proteger los derechos y libertades de los Usuarios y les ha comunicado la informaci\u00f3n adecuada para que puedan ejercerlos.<\/p>\n\n\n\n<h2 class=\"wp-block-heading\">4.- BRECHAS DE SEGURIDAD<\/h2>\n\n\n\n<p>El Responsable informar\u00e1 sobre cualquier brecha de seguridad que afecte a la base de datos que utiliza este sitio web, o que afecte a cualquiera de nuestros servicios de terceros, todas y cada una de las personas, datos de los que puedan haber sido afectados, y autoridades, dentro de las 72 horas siguientes a la detecci\u00f3n de la brecha.<\/p>\n\n\n\n<h2 class=\"wp-block-heading\">LEGISLACI\u00d3N APLICABLE Y JURISDICCI\u00d3N<\/h2>\n\n\n\n<p>Para la resoluci\u00f3n de todas las controversias o cuestiones relacionadas con el presente sitio web o de las actividades que se desarrollen, ser\u00e1 de aplicaci\u00f3n la legislaci\u00f3n espa\u00f1ola, a la que se someten expresamente las partes, siendo competentes para la resoluci\u00f3n de todos los conflictos derivados o relacionados con el uso de los Juzgados y Tribunales de Barcelona.<\/p>","protected":false},"excerpt":{"rendered":"<p>1.- INFORMACI\u00d3N AL USUARIO El sitio web informa a los usuarios del sitio web sobre su pol\u00edtica respecto al tratamiento y protecci\u00f3n de los datos de car\u00e1cter personal de los usuarios y clientes que puedan ser solicitados por la navegaci\u00f3n a trav\u00e9s de su sitio web. El sitio web es el Responsable del tratamiento de&#8230;<\/p>","protected":false},"author":1,"featured_media":0,"parent":0,"menu_order":8,"comment_status":"closed","ping_status":"closed","template":"","meta":{"_kad_blocks_custom_css":"","_kad_blocks_head_custom_js":"","_kad_blocks_body_custom_js":"","_kad_blocks_footer_custom_js":"","_kadence_starter_templates_imported_post":false,"_kad_post_transparent":"","_kad_post_title":"","_kad_post_layout":"","_kad_post_sidebar_id":"","_kad_post_content_style":"","_kad_post_vertical_padding":"","_kad_post_feature":"","_kad_post_feature_position":"","_kad_post_header":false,"_kad_post_footer":false,"footnotes":""},"class_list":["post-10","page","type-page","status-publish","hentry"],"yoast_head":"<!-- This site is optimized with the Yoast SEO plugin v27.4 - https:\/\/yoast.com\/product\/yoast-seo-wordpress\/ -->\n<title>Pol\u00edtica de privacidad - PALETS Y EMBALAJES BARCELONA VALLES SL<\/title>\n<meta name=\"robots\" content=\"index, follow, max-snippet:-1, max-image-preview:large, max-video-preview:-1\" \/>\n<link rel=\"canonical\" href=\"https:\/\/paletsyembalajesbarcelona.com\/ca\/politica-de-privacidad\/\" \/>\n<meta property=\"og:locale\" content=\"ca_ES\" \/>\n<meta property=\"og:type\" content=\"article\" \/>\n<meta property=\"og:title\" content=\"Pol\u00edtica de privacidad - PALETS Y EMBALAJES BARCELONA VALLES SL\" \/>\n<meta property=\"og:description\" content=\"1.- INFORMACI\u00d3N AL USUARIO El sitio web informa a los usuarios del sitio web sobre su pol\u00edtica respecto al tratamiento y protecci\u00f3n de los datos de car\u00e1cter personal de los usuarios y clientes que puedan ser solicitados por la navegaci\u00f3n a trav\u00e9s de su sitio web. El sitio web es el Responsable del tratamiento de...\" \/>\n<meta property=\"og:url\" content=\"https:\/\/paletsyembalajesbarcelona.com\/ca\/politica-de-privacidad\/\" \/>\n<meta property=\"og:site_name\" content=\"PALETS Y EMBALAJES BARCELONA VALLES SL\" \/>\n<meta property=\"article:modified_time\" content=\"2024-04-18T08:20:11+00:00\" \/>\n<meta name=\"twitter:card\" content=\"summary_large_image\" \/>\n<meta name=\"twitter:label1\" content=\"Temps estimat de lectura\" \/>\n\t<meta name=\"twitter:data1\" content=\"3 minuts\" \/>\n<script type=\"application\/ld+json\" class=\"yoast-schema-graph\">{\"@context\":\"https:\\\/\\\/schema.org\",\"@graph\":[{\"@type\":\"WebPage\",\"@id\":\"https:\\\/\\\/paletsyembalajesbarcelona.com\\\/politica-de-privacidad\\\/\",\"url\":\"https:\\\/\\\/paletsyembalajesbarcelona.com\\\/politica-de-privacidad\\\/\",\"name\":\"Pol\u00edtica de privacidad - PALETS Y EMBALAJES BARCELONA VALLES SL\",\"isPartOf\":{\"@id\":\"https:\\\/\\\/paletsyembalajesbarcelona.com\\\/#website\"},\"datePublished\":\"2023-12-14T17:01:00+00:00\",\"dateModified\":\"2024-04-18T08:20:11+00:00\",\"breadcrumb\":{\"@id\":\"https:\\\/\\\/paletsyembalajesbarcelona.com\\\/politica-de-privacidad\\\/#breadcrumb\"},\"inLanguage\":\"ca\",\"potentialAction\":[{\"@type\":\"ReadAction\",\"target\":[\"https:\\\/\\\/paletsyembalajesbarcelona.com\\\/politica-de-privacidad\\\/\"]}]},{\"@type\":\"BreadcrumbList\",\"@id\":\"https:\\\/\\\/paletsyembalajesbarcelona.com\\\/politica-de-privacidad\\\/#breadcrumb\",\"itemListElement\":[{\"@type\":\"ListItem\",\"position\":1,\"name\":\"Portada\",\"item\":\"https:\\\/\\\/paletsyembalajesbarcelona.com\\\/\"},{\"@type\":\"ListItem\",\"position\":2,\"name\":\"Pol\u00edtica de privacidad\"}]},{\"@type\":\"WebSite\",\"@id\":\"https:\\\/\\\/paletsyembalajesbarcelona.com\\\/#website\",\"url\":\"https:\\\/\\\/paletsyembalajesbarcelona.com\\\/\",\"name\":\"PALETS Y EMBALAJES BARCELONA VALLES SL\",\"description\":\"Especialistas en palets y embalajes para un y transporte seguro\",\"publisher\":{\"@id\":\"https:\\\/\\\/paletsyembalajesbarcelona.com\\\/#organization\"},\"potentialAction\":[{\"@type\":\"SearchAction\",\"target\":{\"@type\":\"EntryPoint\",\"urlTemplate\":\"https:\\\/\\\/paletsyembalajesbarcelona.com\\\/?s={search_term_string}\"},\"query-input\":{\"@type\":\"PropertyValueSpecification\",\"valueRequired\":true,\"valueName\":\"search_term_string\"}}],\"inLanguage\":\"ca\"},{\"@type\":\"Organization\",\"@id\":\"https:\\\/\\\/paletsyembalajesbarcelona.com\\\/#organization\",\"name\":\"PALETS Y EMBALAJES BARCELONA VALLES SL\",\"url\":\"https:\\\/\\\/paletsyembalajesbarcelona.com\\\/\",\"logo\":{\"@type\":\"ImageObject\",\"inLanguage\":\"ca\",\"@id\":\"https:\\\/\\\/paletsyembalajesbarcelona.com\\\/#\\\/schema\\\/logo\\\/image\\\/\",\"url\":\"https:\\\/\\\/paletsyembalajesbarcelona.com\\\/wp-content\\\/uploads\\\/2024\\\/03\\\/cropped-logo.png\",\"contentUrl\":\"https:\\\/\\\/paletsyembalajesbarcelona.com\\\/wp-content\\\/uploads\\\/2024\\\/03\\\/cropped-logo.png\",\"width\":744,\"height\":200,\"caption\":\"PALETS Y EMBALAJES BARCELONA VALLES SL\"},\"image\":{\"@id\":\"https:\\\/\\\/paletsyembalajesbarcelona.com\\\/#\\\/schema\\\/logo\\\/image\\\/\"}}]}<\/script>\n<!-- \/ Yoast SEO plugin. -->","yoast_head_json":{"title":"Pol\u00edtica de privacidad - PALETS Y EMBALAJES BARCELONA VALLES SL","robots":{"index":"index","follow":"follow","max-snippet":"max-snippet:-1","max-image-preview":"max-image-preview:large","max-video-preview":"max-video-preview:-1"},"canonical":"https:\/\/paletsyembalajesbarcelona.com\/ca\/politica-de-privacidad\/","og_locale":"ca_ES","og_type":"article","og_title":"Pol\u00edtica de privacidad - PALETS Y EMBALAJES BARCELONA VALLES SL","og_description":"1.- INFORMACI\u00d3N AL USUARIO El sitio web informa a los usuarios del sitio web sobre su pol\u00edtica respecto al tratamiento y protecci\u00f3n de los datos de car\u00e1cter personal de los usuarios y clientes que puedan ser solicitados por la navegaci\u00f3n a trav\u00e9s de su sitio web. El sitio web es el Responsable del tratamiento de...","og_url":"https:\/\/paletsyembalajesbarcelona.com\/ca\/politica-de-privacidad\/","og_site_name":"PALETS Y EMBALAJES BARCELONA VALLES SL","article_modified_time":"2024-04-18T08:20:11+00:00","twitter_card":"summary_large_image","twitter_misc":{"Temps estimat de lectura":"3 minuts"},"schema":{"@context":"https:\/\/schema.org","@graph":[{"@type":"WebPage","@id":"https:\/\/paletsyembalajesbarcelona.com\/politica-de-privacidad\/","url":"https:\/\/paletsyembalajesbarcelona.com\/politica-de-privacidad\/","name":"Pol\u00edtica de privacidad - PALETS Y EMBALAJES BARCELONA VALLES SL","isPartOf":{"@id":"https:\/\/paletsyembalajesbarcelona.com\/#website"},"datePublished":"2023-12-14T17:01:00+00:00","dateModified":"2024-04-18T08:20:11+00:00","breadcrumb":{"@id":"https:\/\/paletsyembalajesbarcelona.com\/politica-de-privacidad\/#breadcrumb"},"inLanguage":"ca","potentialAction":[{"@type":"ReadAction","target":["https:\/\/paletsyembalajesbarcelona.com\/politica-de-privacidad\/"]}]},{"@type":"BreadcrumbList","@id":"https:\/\/paletsyembalajesbarcelona.com\/politica-de-privacidad\/#breadcrumb","itemListElement":[{"@type":"ListItem","position":1,"name":"Portada","item":"https:\/\/paletsyembalajesbarcelona.com\/"},{"@type":"ListItem","position":2,"name":"Pol\u00edtica de privacidad"}]},{"@type":"WebSite","@id":"https:\/\/paletsyembalajesbarcelona.com\/#website","url":"https:\/\/paletsyembalajesbarcelona.com\/","name":"PALETS Y EMBALAJES BARCELONA VALLES SL","description":"Especialistas en palets y embalajes para un y transporte seguro","publisher":{"@id":"https:\/\/paletsyembalajesbarcelona.com\/#organization"},"potentialAction":[{"@type":"SearchAction","target":{"@type":"EntryPoint","urlTemplate":"https:\/\/paletsyembalajesbarcelona.com\/?s={search_term_string}"},"query-input":{"@type":"PropertyValueSpecification","valueRequired":true,"valueName":"search_term_string"}}],"inLanguage":"ca"},{"@type":"Organization","@id":"https:\/\/paletsyembalajesbarcelona.com\/#organization","name":"PALETS Y EMBALAJES BARCELONA VALLES SL","url":"https:\/\/paletsyembalajesbarcelona.com\/","logo":{"@type":"ImageObject","inLanguage":"ca","@id":"https:\/\/paletsyembalajesbarcelona.com\/#\/schema\/logo\/image\/","url":"https:\/\/paletsyembalajesbarcelona.com\/wp-content\/uploads\/2024\/03\/cropped-logo.png","contentUrl":"https:\/\/paletsyembalajesbarcelona.com\/wp-content\/uploads\/2024\/03\/cropped-logo.png","width":744,"height":200,"caption":"PALETS Y EMBALAJES BARCELONA VALLES SL"},"image":{"@id":"https:\/\/paletsyembalajesbarcelona.com\/#\/schema\/logo\/image\/"}}]}},"taxonomy_info":[],"featured_image_src_large":false,"author_info":{"display_name":"eloi","author_link":"https:\/\/paletsyembalajesbarcelona.com\/ca\/author\/eloi\/"},"comment_info":0,"_links":{"self":[{"href":"https:\/\/paletsyembalajesbarcelona.com\/ca\/wp-json\/wp\/v2\/pages\/10","targetHints":{"allow":["GET"]}}],"collection":[{"href":"https:\/\/paletsyembalajesbarcelona.com\/ca\/wp-json\/wp\/v2\/pages"}],"about":[{"href":"https:\/\/paletsyembalajesbarcelona.com\/ca\/wp-json\/wp\/v2\/types\/page"}],"author":[{"embeddable":true,"href":"https:\/\/paletsyembalajesbarcelona.com\/ca\/wp-json\/wp\/v2\/users\/1"}],"replies":[{"embeddable":true,"href":"https:\/\/paletsyembalajesbarcelona.com\/ca\/wp-json\/wp\/v2\/comments?post=10"}],"version-history":[{"count":1,"href":"https:\/\/paletsyembalajesbarcelona.com\/ca\/wp-json\/wp\/v2\/pages\/10\/revisions"}],"predecessor-version":[{"id":995,"href":"https:\/\/paletsyembalajesbarcelona.com\/ca\/wp-json\/wp\/v2\/pages\/10\/revisions\/995"}],"wp:attachment":[{"href":"https:\/\/paletsyembalajesbarcelona.com\/ca\/wp-json\/wp\/v2\/media?parent=10"}],"curies":[{"name":"wp","href":"https:\/\/api.w.org\/{rel}","templated":true}]}}